{"id":32,"date":"2021-10-20T21:31:47","date_gmt":"2021-10-20T21:31:47","guid":{"rendered":"https:\/\/pnbe.com.ar\/wp\/?page_id=32"},"modified":"2021-11-06T14:33:47","modified_gmt":"2021-11-06T14:33:47","slug":"biblioteca","status":"publish","type":"page","link":"https:\/\/pnbe.com.ar\/wp\/?page_id=32","title":{"rendered":"Biblioteca del Paran\u00e1"},"content":{"rendered":"\n<p>La Biblioteca del Paran\u00e1 es un espacio perteneciente al club Bajada Espa\u00f1a pero\u00a0<strong>abierto a toda la comunidad<\/strong>. Cuenta con una colecci\u00f3n de alrededor de 6000 libros que abarcan tem\u00e1ticas variadas. Hay un \u00e9nfasis en el r\u00edo, sus actividades, la flora y fauna local, la ciudad de Rosario y su literatura, pero tambi\u00e9n es posible encontrar literatura argentina y universal, material sobre pol\u00edtica, historia, filosof\u00eda, entre otros campos del conocimiento. Tambi\u00e9n se cuenta con una colecci\u00f3n de literatura infantil.<\/p>\n\n\n\n<p>La biblioteca ofrece tres&nbsp;<strong>modalidades de pr\u00e9stamo<\/strong>&nbsp;de su material:<\/p>\n\n\n\n<ul><li>Lectura en sala: acceso libre para todo p\u00fablico, dentro de los horarios de la biblioteca.<\/li><li>Libros al sol: Pr\u00e9stamo por el d\u00eda para todo p\u00fablico, dejando como garant\u00eda un DNI. Pod\u00e9s disfrutar de la lectura en el parque.<\/li><li>A domicilio: Es necesario asociarse a la biblioteca. Se prestan hasta 3 libros por 14 d\u00edas, con posibilidad de renovaci\u00f3n.<\/li><\/ul>\n\n\n\n<p><strong>\u00bfC\u00f3mo asociarse?<\/strong><\/p>\n\n\n\n<p>Simplemente con tu DNI y abonando una cuota mensual de\u00a0<strong>$100<\/strong>\u00a0para socios del club y\u00a0<strong>$150<\/strong>\u00a0para p\u00fablico general.<\/p>\n\n\n\n<pre class=\"wp-block-verse has-text-align-center has-medium-font-size\"><strong>HORARIOS<\/strong>\r\nMi\u00e9rcoles, jueves y viernes de 15 a 19hs.\r\nS\u00e1bados de 9 a 13hs.<\/pre>\n\n\n\n<p><strong>Contacto<\/strong><\/p>\n\n\n\n<p>Tel\u00e9fono: 4215108<\/p>\n\n\n\n<p>e-mail:\u00a0<a rel=\"noreferrer noopener\" href=\"mailto:bibliotecadelparana@gmail.com\" target=\"_blank\">bibliotecadelparana@gmail.com<\/a><\/p>\n\n\n\n<ul class=\"wp-block-social-links is-style-default is-layout-flex\"><li class=\"wp-social-link wp-social-link-facebook wp-block-social-link\"><a rel=\" noopener nofollow\" target=\"_blank\" href=\"https:\/\/www.facebook.com\/BibliotecaDelParanaRosario\" class=\"wp-block-social-link-anchor\"><svg width=\"24\" height=\"24\" viewBox=\"0 0 24 24\" version=\"1.1\" xmlns=\"http:\/\/www.w3.org\/2000\/svg\" aria-hidden=\"true\" focusable=\"false\"><path d=\"M12 2C6.5 2 2 6.5 2 12c0 5 3.7 9.1 8.4 9.9v-7H7.9V12h2.5V9.8c0-2.5 1.5-3.9 3.8-3.9 1.1 0 2.2.2 2.2.2v2.5h-1.3c-1.2 0-1.6.8-1.6 1.6V12h2.8l-.4 2.9h-2.3v7C18.3 21.1 22 17 22 12c0-5.5-4.5-10-10-10z\"><\/path><\/svg><span class=\"wp-block-social-link-label screen-reader-text\">Facebook<\/span><\/a><\/li>\n\n<li class=\"wp-social-link wp-social-link-instagram wp-block-social-link\"><a rel=\" noopener nofollow\" target=\"_blank\" href=\"https:\/\/www.instagram.com\/bibliotecadelparana\" class=\"wp-block-social-link-anchor\"><svg width=\"24\" height=\"24\" viewBox=\"0 0 24 24\" version=\"1.1\" xmlns=\"http:\/\/www.w3.org\/2000\/svg\" aria-hidden=\"true\" focusable=\"false\"><path d=\"M12,4.622c2.403,0,2.688,0.009,3.637,0.052c0.877,0.04,1.354,0.187,1.671,0.31c0.42,0.163,0.72,0.358,1.035,0.673 c0.315,0.315,0.51,0.615,0.673,1.035c0.123,0.317,0.27,0.794,0.31,1.671c0.043,0.949,0.052,1.234,0.052,3.637 s-0.009,2.688-0.052,3.637c-0.04,0.877-0.187,1.354-0.31,1.671c-0.163,0.42-0.358,0.72-0.673,1.035 c-0.315,0.315-0.615,0.51-1.035,0.673c-0.317,0.123-0.794,0.27-1.671,0.31c-0.949,0.043-1.233,0.052-3.637,0.052 s-2.688-0.009-3.637-0.052c-0.877-0.04-1.354-0.187-1.671-0.31c-0.42-0.163-0.72-0.358-1.035-0.673 c-0.315-0.315-0.51-0.615-0.673-1.035c-0.123-0.317-0.27-0.794-0.31-1.671C4.631,14.688,4.622,14.403,4.622,12 s0.009-2.688,0.052-3.637c0.04-0.877,0.187-1.354,0.31-1.671c0.163-0.42,0.358-0.72,0.673-1.035 c0.315-0.315,0.615-0.51,1.035-0.673c0.317-0.123,0.794-0.27,1.671-0.31C9.312,4.631,9.597,4.622,12,4.622 M12,3 C9.556,3,9.249,3.01,8.289,3.054C7.331,3.098,6.677,3.25,6.105,3.472C5.513,3.702,5.011,4.01,4.511,4.511 c-0.5,0.5-0.808,1.002-1.038,1.594C3.25,6.677,3.098,7.331,3.054,8.289C3.01,9.249,3,9.556,3,12c0,2.444,0.01,2.751,0.054,3.711 c0.044,0.958,0.196,1.612,0.418,2.185c0.23,0.592,0.538,1.094,1.038,1.594c0.5,0.5,1.002,0.808,1.594,1.038 c0.572,0.222,1.227,0.375,2.185,0.418C9.249,20.99,9.556,21,12,21s2.751-0.01,3.711-0.054c0.958-0.044,1.612-0.196,2.185-0.418 c0.592-0.23,1.094-0.538,1.594-1.038c0.5-0.5,0.808-1.002,1.038-1.594c0.222-0.572,0.375-1.227,0.418-2.185 C20.99,14.751,21,14.444,21,12s-0.01-2.751-0.054-3.711c-0.044-0.958-0.196-1.612-0.418-2.185c-0.23-0.592-0.538-1.094-1.038-1.594 c-0.5-0.5-1.002-0.808-1.594-1.038c-0.572-0.222-1.227-0.375-2.185-0.418C14.751,3.01,14.444,3,12,3L12,3z M12,7.378 c-2.552,0-4.622,2.069-4.622,4.622S9.448,16.622,12,16.622s4.622-2.069,4.622-4.622S14.552,7.378,12,7.378z M12,15 c-1.657,0-3-1.343-3-3s1.343-3,3-3s3,1.343,3,3S13.657,15,12,15z M16.804,6.116c-0.596,0-1.08,0.484-1.08,1.08 s0.484,1.08,1.08,1.08c0.596,0,1.08-0.484,1.08-1.08S17.401,6.116,16.804,6.116z\"><\/path><\/svg><span class=\"wp-block-social-link-label screen-reader-text\">Instagram<\/span><\/a><\/li>\n\n<li class=\"wp-social-link wp-social-link-wordpress wp-block-social-link\"><a rel=\" noopener nofollow\" target=\"_blank\" href=\"https:\/\/www.bibliotecadelparana.wordpress.com\" class=\"wp-block-social-link-anchor\"><svg width=\"24\" height=\"24\" viewBox=\"0 0 24 24\" version=\"1.1\" xmlns=\"http:\/\/www.w3.org\/2000\/svg\" aria-hidden=\"true\" focusable=\"false\"><path d=\"M12.158,12.786L9.46,20.625c0.806,0.237,1.657,0.366,2.54,0.366c1.047,0,2.051-0.181,2.986-0.51 c-0.024-0.038-0.046-0.079-0.065-0.124L12.158,12.786z M3.009,12c0,3.559,2.068,6.634,5.067,8.092L3.788,8.341 C3.289,9.459,3.009,10.696,3.009,12z M18.069,11.546c0-1.112-0.399-1.881-0.741-2.48c-0.456-0.741-0.883-1.368-0.883-2.109 c0-0.826,0.627-1.596,1.51-1.596c0.04,0,0.078,0.005,0.116,0.007C16.472,3.904,14.34,3.009,12,3.009 c-3.141,0-5.904,1.612-7.512,4.052c0.211,0.007,0.41,0.011,0.579,0.011c0.94,0,2.396-0.114,2.396-0.114 C7.947,6.93,8.004,7.642,7.52,7.699c0,0-0.487,0.057-1.029,0.085l3.274,9.739l1.968-5.901l-1.401-3.838 C9.848,7.756,9.389,7.699,9.389,7.699C8.904,7.67,8.961,6.93,9.446,6.958c0,0,1.484,0.114,2.368,0.114 c0.94,0,2.397-0.114,2.397-0.114c0.485-0.028,0.542,0.684,0.057,0.741c0,0-0.488,0.057-1.029,0.085l3.249,9.665l0.897-2.996 C17.841,13.284,18.069,12.316,18.069,11.546z M19.889,7.686c0.039,0.286,0.06,0.593,0.06,0.924c0,0.912-0.171,1.938-0.684,3.22 l-2.746,7.94c2.673-1.558,4.47-4.454,4.47-7.771C20.991,10.436,20.591,8.967,19.889,7.686z M12,22C6.486,22,2,17.514,2,12 C2,6.486,6.486,2,12,2c5.514,0,10,4.486,10,10C22,17.514,17.514,22,12,22z\"><\/path><\/svg><span class=\"wp-block-social-link-label screen-reader-text\">WordPress<\/span><\/a><\/li><\/ul>\n","protected":false},"excerpt":{"rendered":"<p>La Biblioteca del Paran\u00e1 es un espacio perteneciente al club Bajada Espa\u00f1a pero\u00a0abierto a toda la comunidad. Cuenta con una colecci\u00f3n de alrededor de 6000 libros que abarcan tem\u00e1ticas variadas.&hellip;<\/p>\n","protected":false},"author":1,"featured_media":168,"parent":0,"menu_order":0,"comment_status":"closed","ping_status":"closed","template":"page-templates\/fullwidth.php","meta":[],"_links":{"self":[{"href":"https:\/\/pnbe.com.ar\/wp\/index.php?rest_route=\/wp\/v2\/pages\/32"}],"collection":[{"href":"https:\/\/pnbe.com.ar\/wp\/index.php?rest_route=\/wp\/v2\/pages"}],"about":[{"href":"https:\/\/pnbe.com.ar\/wp\/index.php?rest_route=\/wp\/v2\/types\/page"}],"author":[{"embeddable":true,"href":"https:\/\/pnbe.com.ar\/wp\/index.php?rest_route=\/wp\/v2\/users\/1"}],"replies":[{"embeddable":true,"href":"https:\/\/pnbe.com.ar\/wp\/index.php?rest_route=%2Fwp%2Fv2%2Fcomments&post=32"}],"version-history":[{"count":41,"href":"https:\/\/pnbe.com.ar\/wp\/index.php?rest_route=\/wp\/v2\/pages\/32\/revisions"}],"predecessor-version":[{"id":197,"href":"https:\/\/pnbe.com.ar\/wp\/index.php?rest_route=\/wp\/v2\/pages\/32\/revisions\/197"}],"wp:featuredmedia":[{"embeddable":true,"href":"https:\/\/pnbe.com.ar\/wp\/index.php?rest_route=\/wp\/v2\/media\/168"}],"wp:attachment":[{"href":"https:\/\/pnbe.com.ar\/wp\/index.php?rest_route=%2Fwp%2Fv2%2Fmedia&parent=32"}],"curies":[{"name":"wp","href":"https:\/\/api.w.org\/{rel}","templated":true}]}}